{"id":9139,"date":"2022-03-05T12:48:11","date_gmt":"2022-03-05T12:48:11","guid":{"rendered":"https:\/\/essential-moments.com\/sobre-mi\/"},"modified":"2025-08-19T10:17:12","modified_gmt":"2025-08-19T10:17:12","slug":"sobre-mi","status":"publish","type":"page","link":"https:\/\/essential-moments.com\/es\/sobre-mi\/","title":{"rendered":"Sobre m\u00ed"},"content":{"rendered":"<section class=\"l-section wpb_row height_auto width_full\"><div class=\"l-section-h i-cf\"><div class=\"g-cols vc_row via_grid cols_1 laptops-cols_inherit tablets-cols_inherit mobiles-cols_1 valign_top type_default stacking_default\"><div class=\"wpb_column vc_column_container us_custom_40aab531 has_bg_color\"><div class=\"vc_column-inner\"><h1 class=\"w-text us_custom_48125273 has_text_color\"><span class=\"w-text-h\"><span class=\"w-text-value\">Sobre m\u00ed<\/span><\/span><\/h1><\/div><\/div><\/div><\/div><\/section><section class=\"l-section wpb_row height_auto\"><div class=\"l-section-h i-cf\"><div class=\"g-cols vc_row via_grid cols_1 laptops-cols_inherit tablets-cols_inherit mobiles-cols_1 valign_top type_default stacking_default\"><div class=\"wpb_column vc_column_container us_custom_bec9bcbb\"><div class=\"vc_column-inner\"><h2 class=\"w-text us_custom_eb849559\"><span class=\"w-text-h\"><span class=\"w-text-value\">Un espacio para el bienestar, la belleza y la longevidad.<\/span><\/span><\/h2><div class=\"g-cols wpb_row us_custom_af6a9b6a via_grid cols_2 laptops-cols_inherit tablets-cols_1 mobiles-cols_1 valign_middle type_default stacking_default\" style=\"--columns-gap:2rem;\"><div class=\"wpb_column vc_column_container\"><div class=\"vc_column-inner\"><div class=\"wpb_text_column\"><div class=\"wpb_wrapper\"><p>Donde <strong>los rituales ancestrales<\/strong> se encuentran con la <strong>ciencia moderna<\/strong>, para una vida que se sienta tan bien como se ve.<\/p>\n<p>Hola, <strong>soy Denise Andrea\u2014terapeuta de spa certificada, estilista de cabello y barbera<\/strong> con m\u00e1s de una d\u00e9cada de experiencia internacional en <strong>bienestar de lujo<\/strong>. He trabajado a bordo de cruceros en cinco continentes, desde la energ\u00eda vibrante de Hong Kong hasta la serenidad de las islas griegas, aprendiendo poderosas pr\u00e1cticas de belleza y bienestar de culturas de todo el mundo.<\/p>\n<p>\u00bfPero este blog?<\/p>\n<p>Este es <strong>sobre ti<\/strong>.<\/p>\n<p>Si eres como muchos de mis clientes\u2014impulsados, ocupados, constantemente \u201cen marcha\u201d\u2014probablemente luches por encontrar tiempo para ti mismo. Tu agenda est\u00e1 llena, tu mente corre sin parar, y el cuidado personal se siente como un lujo que no puedes permitirte.<\/p>\n<p>Cre\u00e9 este espacio para cambiar eso. Porque el <strong>bienestar<\/strong> no es solo un capricho, es una <strong>base<\/strong>.<\/p>\n<p><strong>El problema que estamos resolviendo<\/strong>:<\/p>\n<p dir=\"ltr\" style=\"text-align: left;\">El estr\u00e9s, el agotamiento, la fatiga y la desconexi\u00f3n son una epidemia en las carreras de ritmo acelerado. Muchos profesionales funcionan en piloto autom\u00e1tico\u2014exhaustos, abrumados y perdi\u00e9ndose la alegr\u00eda de sus propias vidas. No necesitas m\u00e1s presi\u00f3n. Necesitas m\u00e1s apoyo. M\u00e1s calma. M\u00e1s rituales. M\u00e1s resultados. Denise Andrea<\/p>\n<p>\u00a0<\/p>\n<\/div><\/div><\/div><\/div><div class=\"wpb_column vc_column_container us_custom_01b485c1\"><div class=\"vc_column-inner\"><div class=\"w-image us_custom_fca8cc99 align_center\"><div class=\"w-image-h\"><img decoding=\"async\" width=\"1024\" height=\"826\" src=\"https:\/\/essential-moments.com\/wp-content\/uploads\/2025\/07\/andrea_denise-1024x826.jpg\" class=\"attachment-large size-large\" alt=\"\" loading=\"lazy\" srcset=\"https:\/\/essential-moments.com\/wp-content\/uploads\/2025\/07\/andrea_denise-1024x826.jpg 1024w, https:\/\/essential-moments.com\/wp-content\/uploads\/2025\/07\/andrea_denise-300x242.jpg 300w, https:\/\/essential-moments.com\/wp-content\/uploads\/2025\/07\/andrea_denise.jpg 1109w\" sizes=\"auto, (max-width: 1024px) 100vw, 1024px\"><\/div><\/div><\/div><\/div><\/div><div class=\"wpb_text_column us_custom_cdf14ffd\"><div class=\"wpb_wrapper\"><p dir=\"ltr\">Lo que encontrar\u00e1s aqu\u00ed:<\/p>\n<ul>\n<li dir=\"ltr\"><strong>Rituales de bienestar<\/strong> dise\u00f1ados para regular el estr\u00e9s y restaurar el equilibrio<\/li>\n<li dir=\"ltr\"><strong>Aromaterapia<\/strong> y <strong>terapias de spa<\/strong> que han demostrado influir en el estado de \u00e1nimo, la concentraci\u00f3n y apoyar la respuesta natural de relajaci\u00f3n del cuerpo<\/li>\n<li dir=\"ltr\"><strong>Desintoxicaci\u00f3n<\/strong> y <strong>pr\u00e1cticas termales<\/strong>\u2014como la sauna y el masaje\u2014que favorecen el flujo linf\u00e1tico y la resiliencia<\/li>\n<li dir=\"ltr\"><strong>Belleza hol\u00edstica<\/strong> y <strong>cuidado capilar<\/strong> con enfoques que se alinean con los sistemas naturales del cuerpo<\/li>\n<li dir=\"ltr\"><strong>Herramientas de mindfulness<\/strong> que mejoran la funci\u00f3n cognitiva y apoyan la salud del sistema nervioso<\/li>\n<\/ul>\n<p>Cada art\u00edculo est\u00e1 creado para darte soluciones <strong>pr\u00e1cticas y reales<\/strong> que puedes aplicar, incluso en tus d\u00edas m\u00e1s ocupados.<\/p>\n<p style=\"text-align: left;\"><strong>Mi misi\u00f3n<\/strong><\/p>\n<p>Creo que la verdadera belleza comienza desde dentro\u2014y que cuidarte es un acto de poder, no de vanidad. Con mi experiencia en terapia de spa de lujo y pr\u00e1cticas hol\u00edsticas, he visto c\u00f3mo los peque\u00f1os h\u00e1bitos constantes pueden llevar a transformaciones significativas.<\/p>\n<p>Esto no trata de perfecci\u00f3n. Se trata de <strong>crearnos a nosotros mismos, momento a momento, ritual tras ritual.<\/strong><\/p>\n<p style=\"text-align: left;\"><strong>Redefinamos el autocuidado<\/strong><\/p>\n<p>Este espacio es tu invitaci\u00f3n a restaurar el equilibrio, potenciar tu vitalidad e integrar el bienestar en tu rutina diaria.<\/p>\n<p>Ya tengas 5 minutos o 50, aqu\u00ed encontrar\u00e1s algo para ti. Hagamos del bienestar algo pr\u00e1ctico, hermoso y sostenible. <strong>Juntos<\/strong>.<\/p>\n<p><em>Denise Andrea<\/em><\/p>\n<p>\u00a0<\/p>\n<\/div><\/div><\/div><\/div><\/div><\/div><\/section><section class=\"l-section wpb_row us_custom_efc17075 height_auto\"><div class=\"l-section-h i-cf\"><div class=\"g-cols vc_row via_grid cols_1 laptops-cols_inherit tablets-cols_inherit mobiles-cols_1 valign_top type_default stacking_default\"><div class=\"wpb_column vc_column_container\"><div class=\"vc_column-inner\"><section class=\"l-section wpb_row height_auto width_full\"><div class=\"l-section-h i-cf\"><div class=\"g-cols vc_row via_grid cols_2 laptops-cols_inherit tablets-cols_inherit mobiles-cols_1 valign_middle type_default reversed stacking_default\" style=\"--columns-gap:0rem;\"><div class=\"wpb_column vc_column_container us_custom_be6258f0 has_text_color has_bg_color\"><div class=\"vc_column-inner\"><h2 class=\"w-text us_custom_84383f0b\"><span class=\"w-text-h\"><span class=\"w-text-value\">\u00bfTienes alguna duda?<\/span><\/span><\/h2><div class=\"w-text us_custom_a208e6a3 has_text_color\"><span class=\"w-text-h\"><span class=\"w-text-value\">Contacta conmigo y te ayudar\u00e9 en todo lo que pueda<\/span><\/span><\/div><div class=\"w-separator size_custom\" style=\"height:30px\"><\/div><div class=\"w-btn-wrapper align_none\"><a class=\"w-btn us-btn-style_3 my-contact icon_atright\" href=\"https:\/\/essential-moments.com\/es\/contacto\/\"><span class=\"w-btn-label\">Contacto<\/span><i class=\"far fa-arrow-right\"><\/i><\/a><\/div><\/div><\/div><div class=\"wpb_column vc_column_container us_custom_368b8c7d has_bg_color\"><div class=\"vc_column-inner\"><\/div><\/div><\/div><\/div><\/section>\n<\/div><\/div><\/div><\/div><\/section>\n","protected":false},"excerpt":{"rendered":"","protected":false},"author":3,"featured_media":0,"parent":0,"menu_order":0,"comment_status":"closed","ping_status":"closed","template":"","meta":{"footnotes":""},"class_list":["post-9139","page","type-page","status-publish","hentry"],"_links":{"self":[{"href":"https:\/\/essential-moments.com\/es\/wp-json\/wp\/v2\/pages\/9139","targetHints":{"allow":["GET"]}}],"collection":[{"href":"https:\/\/essential-moments.com\/es\/wp-json\/wp\/v2\/pages"}],"about":[{"href":"https:\/\/essential-moments.com\/es\/wp-json\/wp\/v2\/types\/page"}],"author":[{"embeddable":true,"href":"https:\/\/essential-moments.com\/es\/wp-json\/wp\/v2\/users\/3"}],"replies":[{"embeddable":true,"href":"https:\/\/essential-moments.com\/es\/wp-json\/wp\/v2\/comments?post=9139"}],"version-history":[{"count":11,"href":"https:\/\/essential-moments.com\/es\/wp-json\/wp\/v2\/pages\/9139\/revisions"}],"predecessor-version":[{"id":9700,"href":"https:\/\/essential-moments.com\/es\/wp-json\/wp\/v2\/pages\/9139\/revisions\/9700"}],"wp:attachment":[{"href":"https:\/\/essential-moments.com\/es\/wp-json\/wp\/v2\/media?parent=9139"}],"curies":[{"name":"wp","href":"https:\/\/api.w.org\/{rel}","templated":true}]}}